{"id":891,"date":"2015-12-15T13:38:31","date_gmt":"2015-12-15T12:38:31","guid":{"rendered":"https:\/\/www.velok.lu\/?page_id=891"},"modified":"2025-09-10T13:32:55","modified_gmt":"2025-09-10T12:32:55","slug":"inscription","status":"publish","type":"page","link":"https:\/\/www.velok.lu\/?page_id=891","title":{"rendered":"Inscription"},"content":{"rendered":"<section class=\"wpb-content-wrapper\"><p>[vc_row row_align=\u00a0\u00bbnone\u00a0\u00bb][vc_column width=\u00a0\u00bb1\/2&Prime; wap_id=\u00a0\u00bbcourte\u00a0\u00bb][vc_single_image image=\u00a0\u00bb1241&Prime; img_size=\u00a0\u00bbfull\u00a0\u00bb alignment=\u00a0\u00bbcenter\u00a0\u00bb][\/vc_column][vc_column width=\u00a0\u00bb1\/2&Prime;][vc_column_text]<\/p>\n<h2>Inscription<\/h2>\n<ol>Pour adh\u00e9rer au syst\u00e8me V\u00ebl&rsquo;Ok R\u00e9gional rendez-vous dans un des points d\u2019inscription avec votre carte d\u2019identit\u00e9 ou, si vous disposez d\u00e9j\u00e0 d&rsquo;une V\u00ebl\u2019Ok-Kaart, veuillez utiliser notre formulaire d&rsquo;inscription en ligne en cliquant sur le bouton ci-dessous.<\/ol>\n<p>[\/vc_column_text][vc_row_inner css=\u00a0\u00bb.vc_custom_1447060655257{margin-top: 0px !important;padding-top: 10px !important;}\u00a0\u00bb][vc_column_inner width=\u00a0\u00bb1\/2&Prime;][vc_column_text]<a class=\"envor-btn envor-btn-primary envor-btn-normal\" href=\"https:\/\/formulaires.esch.lu\/Velok\" target=\"_blank\" rel=\"noopener noreferrer\">Inscription en ligne<\/a><!--<a class=\"fancybox iframe linksiframe envor-btn envor-btn-primary envor-btn-normal\" href=\"https:\/\/forms.villeesch.lu\/Velok\">Inscription en ligne<\/a>-->[\/vc_column_text][\/vc_column_inner][vc_column_inner width=\u00a0\u00bb1\/2&Prime;][vc_column_text]<a class=\"envor-btn envor-btn-primary envor-btn-normal\" href=\"http:\/\/www.velok.lu\/cg\/ConditionsGenerales_VelOk_Regional.pdf\" target=\"_blank\" rel=\"noopener noreferrer\">Conditions g\u00e9n\u00e9rales<\/a><\/p>\n<p><a class=\"envor-btn envor-btn-primary envor-btn-normal\" href=\"https:\/\/www.velok.lu\/cg\/TransparenceVelOk_Regional.pdf\" target=\"_blank\" rel=\"noopener noreferrer\">D\u00e9claration de confidentialit\u00e9<\/a>[\/vc_column_text][\/vc_column_inner][\/vc_row_inner][\/vc_column][\/vc_row][vc_row css=\u00a0\u00bb.vc_custom_1447064256298{margin-top: 0px !important;padding-top: 20px !important;}\u00a0\u00bb][vc_column]<h2 style=\"text-align: left;\">Points d'inscription pour le syst\u00e8me V\u00ebl'Ok R\u00e9gional :<\/h2>[vc_column_text]<u>CIGL Esch<\/u> <u>(<\/u>V\u00ebl\u2019Ok R\u00e9gional<u>)<\/u> : 54, rue Louis Pasteur \u2013 L-4276 Esch-sur-Alzette (lundi \u2013 vendredi 9h \u2013 18h &amp; samedi 10h -14h)<\/p>\n<p><u>Commune de Bettembourg<\/u> : Ch\u00e2teau de Bettembourg, 13, rue du Ch\u00e2teau L-3217 Bettembourg<\/p>\n<p><u>Commune de Differdange<\/u> : 40, avenue Charlotte &#8211; L-4530 Differdange B.P. 12 &#8211; L-4501 Differdange<\/p>\n<p><u>Commune de Dudelange<\/u> : Place de l&rsquo;H\u00f4tel de Ville &#8211; L-3590 Dudelange BP 73 L-3401 Dudelange<\/p>\n<p><u>Commune de Rumelange<\/u> : 2, pl. G.-D. Charlotte L-3710 Rumelange<\/p>\n<p><u>Commune de\u00a0Kayl<\/u> : 4, rue de l&rsquo;H\u00f4tel de Ville L-3674 Kayl<\/p>\n<p><u>Commune de Sanem<\/u> : 60, rue de la poste L-4477 Belvaux<\/p>\n<p><u>Commune de Mondercange<\/u> : 18, rue Arthur Thinnes L-3919 Mondercange (donne seulement V\u00ebl\u2019Ok-Kaart pour faire inscription en ligne)<\/p>\n<p><u>Service de l&rsquo;urbanisme et d\u00e9veloppement durable de Schifflange<\/u> : 14, avenue de la Lib\u00e9ration L-3850 Schifflange[\/vc_column_text][\/vc_column][\/vc_row]<\/p>\n<\/section>","protected":false},"excerpt":{"rendered":"<p>[vc_row row_align=\u00a0\u00bbnone\u00a0\u00bb][vc_column width=\u00a0\u00bb1\/2&Prime; wap_id=\u00a0\u00bbcourte\u00a0\u00bb][vc_single_image image=\u00a0\u00bb1241&Prime; img_size=\u00a0\u00bbfull\u00a0\u00bb alignment=\u00a0\u00bbcenter\u00a0\u00bb][\/vc_column][vc_column width=\u00a0\u00bb1\/2&Prime;][vc_column_text] Inscription Pour adh\u00e9rer au syst\u00e8me V\u00ebl&rsquo;Ok R\u00e9gional rendez-vous dans un des points d\u2019inscription avec votre carte d\u2019identit\u00e9 ou, si vous disposez d\u00e9j\u00e0 d&rsquo;une V\u00ebl\u2019Ok-Kaart, veuillez utiliser notre formulaire d&rsquo;inscription en ligne en cliquant sur le bouton ci-dessous. [\/vc_column_text][vc_row_inner css=\u00a0\u00bb.vc_custom_1447060655257{margin-top: 0px !important;padding-top: 10px !important;}\u00a0\u00bb][vc_column_inner width=\u00a0\u00bb1\/2&Prime;][vc_column_text]Inscription en ligne[\/vc_column_text][\/vc_column_inner][vc_column_inner width=\u00a0\u00bb1\/2&Prime;][vc_column_text]Conditions [&hellip;]<\/p>\n","protected":false},"author":4,"featured_media":0,"parent":0,"menu_order":0,"comment_status":"closed","ping_status":"closed","template":"page-templates\/canvas-with-title.php","meta":{"footnotes":""},"class_list":["post-891","page","type-page","status-publish","hentry"],"_links":{"self":[{"href":"https:\/\/www.velok.lu\/index.php?rest_route=\/wp\/v2\/pages\/891","targetHints":{"allow":["GET"]}}],"collection":[{"href":"https:\/\/www.velok.lu\/index.php?rest_route=\/wp\/v2\/pages"}],"about":[{"href":"https:\/\/www.velok.lu\/index.php?rest_route=\/wp\/v2\/types\/page"}],"author":[{"embeddable":true,"href":"https:\/\/www.velok.lu\/index.php?rest_route=\/wp\/v2\/users\/4"}],"replies":[{"embeddable":true,"href":"https:\/\/www.velok.lu\/index.php?rest_route=%2Fwp%2Fv2%2Fcomments&post=891"}],"version-history":[{"count":26,"href":"https:\/\/www.velok.lu\/index.php?rest_route=\/wp\/v2\/pages\/891\/revisions"}],"predecessor-version":[{"id":1242,"href":"https:\/\/www.velok.lu\/index.php?rest_route=\/wp\/v2\/pages\/891\/revisions\/1242"}],"wp:attachment":[{"href":"https:\/\/www.velok.lu\/index.php?rest_route=%2Fwp%2Fv2%2Fmedia&parent=891"}],"curies":[{"name":"wp","href":"https:\/\/api.w.org\/{rel}","templated":true}]}}